{"id":684,"date":"2021-12-12T15:02:52","date_gmt":"2021-12-12T14:02:52","guid":{"rendered":"https:\/\/www.tbitsolutions.de\/?page_id=684"},"modified":"2022-02-26T01:14:13","modified_gmt":"2022-02-26T00:14:13","slug":"unsere-leistungen","status":"publish","type":"page","link":"https:\/\/www.tbitsolutions.de\/?page_id=684","title":{"rendered":"Leistungen"},"content":{"rendered":"\n<div class=\"wp-block-columns is-layout-flex wp-container-core-columns-is-layout-9d6595d7 wp-block-columns-is-layout-flex\">\n<div class=\"wp-block-column is-layout-flow wp-block-column-is-layout-flow\" style=\"flex-basis:82px\">\n<figure class=\"wp-block-image size-full\"><img loading=\"lazy\" decoding=\"async\" width=\"80\" height=\"80\" src=\"https:\/\/www.tbitsolutions.de\/wp-content\/uploads\/2021\/12\/svc_cloud_80_2.png\" alt=\"Cloudberatung\" class=\"wp-image-811\"\/><\/figure>\n<\/div>\n\n\n\n<div class=\"wp-block-column is-layout-flow wp-block-column-is-layout-flow\" style=\"flex-basis:100%\">\n<h4 class=\"wp-block-heading\">Cloudberatung<\/h4>\n\n\n\n<p>Jeder spricht von Diensten in der Cloud. Dabei kommen immer die gleichen Fragen auf:<br>Bringt mir die Cloud einen Mehrwert? Sind meine Daten in der Cloud sicher? Ist das nicht teurer? Ich helfe diese Fragen zu beantworten und die bestm\u00f6gliche L\u00f6sung f\u00fcr Sie zu finden.<\/p>\n<\/div>\n<\/div>\n\n\n\n<div class=\"wp-block-columns is-layout-flex wp-container-core-columns-is-layout-9d6595d7 wp-block-columns-is-layout-flex\">\n<div class=\"wp-block-column is-layout-flow wp-block-column-is-layout-flow\" style=\"flex-basis:82px\">\n<figure class=\"wp-block-image size-full\"><img loading=\"lazy\" decoding=\"async\" width=\"80\" height=\"80\" src=\"https:\/\/www.tbitsolutions.de\/wp-content\/uploads\/2021\/12\/svc_sec_80_2.png\" alt=\"\" class=\"wp-image-803\"\/><\/figure>\n<\/div>\n\n\n\n<div class=\"wp-block-column is-layout-flow wp-block-column-is-layout-flow\" style=\"flex-basis:100%\">\n<h4 class=\"wp-block-heading\">Infrastrukturberatung<\/h4>\n\n\n\n<p>Die IT Infrastruktur wird in kleinen Betrieben oft vernachl\u00e4ssigt. \u00dcberlegen Sie was passiert, wenn die Systeme pl\u00f6tzlich nicht mehr funktionieren, Sie nicht mehr auf Ihre Daten zugreifen k\u00f6nnen oder Daten durch Sicherheitsl\u00fccken verloren gegangen sind. Veraltete Hardware, nicht mehr unterst\u00fctzte Software oder Betriebssysteme f\u00fchren dazu, dass Verf\u00fcgbarkeit und Sicherheitsniveau stark reduziert werden. Ich unterst\u00fctze Sie dabei das Maximum auf Ihrer IT herauszuholen und Ihre Daten zu sch\u00fctzen.<\/p>\n<\/div>\n<\/div>\n\n\n\n<div class=\"wp-block-columns is-layout-flex wp-container-core-columns-is-layout-9d6595d7 wp-block-columns-is-layout-flex\">\n<div class=\"wp-block-column is-layout-flow wp-block-column-is-layout-flow\" style=\"flex-basis:82px\">\n<figure class=\"wp-block-image size-full\"><img loading=\"lazy\" decoding=\"async\" width=\"80\" height=\"80\" src=\"https:\/\/www.tbitsolutions.de\/wp-content\/uploads\/2021\/12\/svc_service_80_2.png\" alt=\"\" class=\"wp-image-812\"\/><\/figure>\n<\/div>\n\n\n\n<div class=\"wp-block-column is-layout-flow wp-block-column-is-layout-flow\" style=\"flex-basis:100%\">\n<h4 class=\"wp-block-heading\">IT Betrieb und Unterst\u00fctzung<\/h4>\n\n\n\n<p>Nichts ist best\u00e4ndiger als der Wandel &#8211; Das gilt auf f\u00fcr IT Systeme. Jede Ver\u00e4nderung an Daten und Systemen kann Einfluss auf die gesamte IT Struktur haben. Regelm\u00e4\u00dfige Wartung und ein regelm\u00e4\u00dfiger Blick auf den Gesundheitszustand sind daher unabdingbar. Ich helfe dabei, auch den stetigen Wandel im Griff zu haben.<\/p>\n<\/div>\n<\/div>\n","protected":false},"excerpt":{"rendered":"<p>Cloudberatung Jeder spricht von Diensten in der Cloud. Dabei kommen immer die gleichen Fragen auf:Bringt mir die Cloud einen Mehrwert? Sind meine Daten in der Cloud sicher? Ist das nicht teurer? Ich helfe diese Fragen zu beantworten und die bestm\u00f6gliche L\u00f6sung f\u00fcr Sie zu finden. Infrastrukturberatung Die IT Infrastruktur wird in kleinen Betrieben oft vernachl\u00e4ssigt.<\/p>\n<p class=\"more-link\"><a href=\"https:\/\/www.tbitsolutions.de\/?page_id=684\" class=\"themebutton\">Read More<\/a><\/p>\n","protected":false},"author":3,"featured_media":0,"parent":0,"menu_order":0,"comment_status":"closed","ping_status":"closed","template":"","meta":{"footnotes":""},"class_list":["post-684","page","type-page","status-publish","hentry"],"aioseo_notices":[],"_links":{"self":[{"href":"https:\/\/www.tbitsolutions.de\/index.php?rest_route=\/wp\/v2\/pages\/684","targetHints":{"allow":["GET"]}}],"collection":[{"href":"https:\/\/www.tbitsolutions.de\/index.php?rest_route=\/wp\/v2\/pages"}],"about":[{"href":"https:\/\/www.tbitsolutions.de\/index.php?rest_route=\/wp\/v2\/types\/page"}],"author":[{"embeddable":true,"href":"https:\/\/www.tbitsolutions.de\/index.php?rest_route=\/wp\/v2\/users\/3"}],"replies":[{"embeddable":true,"href":"https:\/\/www.tbitsolutions.de\/index.php?rest_route=%2Fwp%2Fv2%2Fcomments&post=684"}],"version-history":[{"count":20,"href":"https:\/\/www.tbitsolutions.de\/index.php?rest_route=\/wp\/v2\/pages\/684\/revisions"}],"predecessor-version":[{"id":823,"href":"https:\/\/www.tbitsolutions.de\/index.php?rest_route=\/wp\/v2\/pages\/684\/revisions\/823"}],"wp:attachment":[{"href":"https:\/\/www.tbitsolutions.de\/index.php?rest_route=%2Fwp%2Fv2%2Fmedia&parent=684"}],"curies":[{"name":"wp","href":"https:\/\/api.w.org\/{rel}","templated":true}]}}